{"id":13,"date":"2024-01-25T14:10:12","date_gmt":"2024-01-25T13:10:12","guid":{"rendered":"https:\/\/www.rando-relaisamical.douce-france.net\/?page_id=13"},"modified":"2024-08-15T17:29:14","modified_gmt":"2024-08-15T15:29:14","slug":"accueil","status":"publish","type":"page","link":"https:\/\/www.rando-relaisamical.douce-france.net\/","title":{"rendered":"ACCUEIL"},"content":{"rendered":"<p><span style=\"color: #008080;\"><strong>Amis randonneurs :<\/strong><br><\/span><strong>La randonn\u00e9e : une escapade nature \u00e0 port\u00e9e de tous<\/strong><br><strong>La randonn\u00e9e est une activit\u00e9 physique et de loisirs qui consiste \u00e0 parcourir des sentiers, souvent en pleine nature. Elle offre de nombreux bienfaits pour la sant\u00e9 physique et mentale, et permet de d\u00e9couvrir des paysages vari\u00e9s et pr\u00e9serv\u00e9s.<\/strong><\/p>\n<p>Retrouv\u00e9 ici tous les infos et photos de nos randonn\u00e9es<\/p>\n<p>&nbsp;<\/p>\n\n<div class=\"wp-block-image\">\n<figure class=\"aligncenter size-large\"><img loading=\"lazy\" decoding=\"async\" width=\"1024\" height=\"768\" src=\"http:\/\/www.rando-relaisamical.douce-france.net\/wp-content\/uploads\/2024\/01\/7c0ecf80-8bca-41fe-8333-a803eb77ae51-1024x768.jpg\" alt=\"\" class=\"wp-image-10\" srcset=\"https:\/\/www.rando-relaisamical.douce-france.net\/wp-content\/uploads\/2024\/01\/7c0ecf80-8bca-41fe-8333-a803eb77ae51-1024x768.jpg 1024w, https:\/\/www.rando-relaisamical.douce-france.net\/wp-content\/uploads\/2024\/01\/7c0ecf80-8bca-41fe-8333-a803eb77ae51-300x225.jpg 300w, https:\/\/www.rando-relaisamical.douce-france.net\/wp-content\/uploads\/2024\/01\/7c0ecf80-8bca-41fe-8333-a803eb77ae51-768x576.jpg 768w, https:\/\/www.rando-relaisamical.douce-france.net\/wp-content\/uploads\/2024\/01\/7c0ecf80-8bca-41fe-8333-a803eb77ae51-1536x1152.jpg 1536w, https:\/\/www.rando-relaisamical.douce-france.net\/wp-content\/uploads\/2024\/01\/7c0ecf80-8bca-41fe-8333-a803eb77ae51.jpg 2048w\" sizes=\"auto, (max-width: 1024px) 100vw, 1024px\" \/><\/figure>\n<\/div>","protected":false},"excerpt":{"rendered":"<p>Amis randonneurs :La randonn\u00e9e : une escapade nature \u00e0 port\u00e9e de tousLa randonn\u00e9e est une activit\u00e9 physique et de loisirs qui consiste \u00e0 parcourir des sentiers, souvent en pleine nature. Elle offre de nombreux bienfaits pour la sant\u00e9 physique et mentale, et permet de d\u00e9couvrir des paysages vari\u00e9s et pr\u00e9serv\u00e9s. Retrouv\u00e9 ici tous les infos &hellip; <a href=\"https:\/\/www.rando-relaisamical.douce-france.net\/\" class=\"more-link\">Continuer la lecture de <span class=\"screen-reader-text\">ACCUEIL<\/span>  <span class=\"meta-nav\">&rarr;<\/span><\/a><\/p>\n","protected":false},"author":1,"featured_media":0,"parent":0,"menu_order":0,"comment_status":"closed","ping_status":"closed","template":"","meta":{"ngg_post_thumbnail":0,"footnotes":""},"class_list":["post-13","page","type-page","status-publish","hentry"],"_links":{"self":[{"href":"https:\/\/www.rando-relaisamical.douce-france.net\/index.php\/wp-json\/wp\/v2\/pages\/13","targetHints":{"allow":["GET"]}}],"collection":[{"href":"https:\/\/www.rando-relaisamical.douce-france.net\/index.php\/wp-json\/wp\/v2\/pages"}],"about":[{"href":"https:\/\/www.rando-relaisamical.douce-france.net\/index.php\/wp-json\/wp\/v2\/types\/page"}],"author":[{"embeddable":true,"href":"https:\/\/www.rando-relaisamical.douce-france.net\/index.php\/wp-json\/wp\/v2\/users\/1"}],"replies":[{"embeddable":true,"href":"https:\/\/www.rando-relaisamical.douce-france.net\/index.php\/wp-json\/wp\/v2\/comments?post=13"}],"version-history":[{"count":3,"href":"https:\/\/www.rando-relaisamical.douce-france.net\/index.php\/wp-json\/wp\/v2\/pages\/13\/revisions"}],"predecessor-version":[{"id":109,"href":"https:\/\/www.rando-relaisamical.douce-france.net\/index.php\/wp-json\/wp\/v2\/pages\/13\/revisions\/109"}],"wp:attachment":[{"href":"https:\/\/www.rando-relaisamical.douce-france.net\/index.php\/wp-json\/wp\/v2\/media?parent=13"}],"curies":[{"name":"wp","href":"https:\/\/api.w.org\/{rel}","templated":true}]}}