{"id":59,"date":"2024-01-25T15:39:17","date_gmt":"2024-01-25T14:39:17","guid":{"rendered":"https:\/\/www.rando-relaisamical.douce-france.net\/?page_id=59"},"modified":"2024-01-26T09:13:35","modified_gmt":"2024-01-26T08:13:35","slug":"la-vallee-heureuse","status":"publish","type":"page","link":"https:\/\/www.rando-relaisamical.douce-france.net\/index.php\/la-vallee-heureuse\/","title":{"rendered":"La vall\u00e9e heureuse"},"content":{"rendered":"<p>Randonn\u00e9e propos\u00e9e par Michel et Didier le 17 janvier ,<br \/>premi\u00e8re de l &lsquo;ann\u00e9e . Bravo aux courageux randonneurs &#8230;&#8230;..pas de pluie<\/p>\n\n\nngg_shortcode_0_placeholder\n","protected":false},"excerpt":{"rendered":"<p>Randonn\u00e9e propos\u00e9e par Michel et Didier le 17 janvier ,premi\u00e8re de l &lsquo;ann\u00e9e . Bravo aux courageux randonneurs &#8230;&#8230;..pas de pluie<\/p>\n","protected":false},"author":1,"featured_media":0,"parent":0,"menu_order":0,"comment_status":"closed","ping_status":"closed","template":"","meta":{"ngg_post_thumbnail":0,"footnotes":""},"class_list":["post-59","page","type-page","status-publish","hentry"],"_links":{"self":[{"href":"https:\/\/www.rando-relaisamical.douce-france.net\/index.php\/wp-json\/wp\/v2\/pages\/59","targetHints":{"allow":["GET"]}}],"collection":[{"href":"https:\/\/www.rando-relaisamical.douce-france.net\/index.php\/wp-json\/wp\/v2\/pages"}],"about":[{"href":"https:\/\/www.rando-relaisamical.douce-france.net\/index.php\/wp-json\/wp\/v2\/types\/page"}],"author":[{"embeddable":true,"href":"https:\/\/www.rando-relaisamical.douce-france.net\/index.php\/wp-json\/wp\/v2\/users\/1"}],"replies":[{"embeddable":true,"href":"https:\/\/www.rando-relaisamical.douce-france.net\/index.php\/wp-json\/wp\/v2\/comments?post=59"}],"version-history":[{"count":6,"href":"https:\/\/www.rando-relaisamical.douce-france.net\/index.php\/wp-json\/wp\/v2\/pages\/59\/revisions"}],"predecessor-version":[{"id":103,"href":"https:\/\/www.rando-relaisamical.douce-france.net\/index.php\/wp-json\/wp\/v2\/pages\/59\/revisions\/103"}],"wp:attachment":[{"href":"https:\/\/www.rando-relaisamical.douce-france.net\/index.php\/wp-json\/wp\/v2\/media?parent=59"}],"curies":[{"name":"wp","href":"https:\/\/api.w.org\/{rel}","templated":true}]}}